{"id":685,"date":"2022-01-11T18:08:08","date_gmt":"2022-01-11T17:08:08","guid":{"rendered":"http:\/\/zde.hr\/?page_id=685"},"modified":"2024-11-13T12:45:02","modified_gmt":"2024-11-13T11:45:02","slug":"ekonomski-susreti-2","status":"publish","type":"page","link":"http:\/\/zde.hr\/en\/ekonomski-susreti-2\/","title":{"rendered":"Economic Meetings"},"content":{"rendered":"<p style=\"font-size:11px\"><em><strong>Economic Meetings<\/strong><\/em> is a scientific conference organized by the Scientific Society of Economists. The conference features high-quality research findings and papers in the field of economics. All presentations are by invitation, based on recommendations from the Program Committee, with a focus on showcasing research that has or could have a significant impact on the broader scientific and professional community, as well as studies whose results are applicable to Croatian economic policy.<br><br><strong>Program Committee <\/strong><br>Vladimir Ar\u010dabi\u0107, PhD<br>Maja Mihelja \u017daja, PhD<br>Ana Bobinac, PhD<br>Junsoo Lee, PhD<br>Hasan Isomitdinov, PhD<br>Irina B. Panovska, PhD<br>Alessia Paccagnini, PhD<br>Ana Grdovi\u0107 Gnip, PhD<br>Dalibor Stevanovi\u0107, PhD<br>Piyali Banerjee, PhD<br><br><strong>Organizing Committee <\/strong><br>Sa\u0161a Drezgi\u0107, PhD<br>Marija Davidovi\u0107, PhD<\/p>","protected":false},"excerpt":{"rendered":"<p>Ekonomski susreti znanstvena je konferencija u organizaciji Znanstvenog dru\u0161tva ekonomista. Na konferenciji se izla\u017eu visoko &#8211; kvalitetni rezultati istra\u017eivanja i radova iz podru\u010dja ekonomije. Sva izlaganja su pozvana na temelju preporuke Programskog odbora, a fokus je na predstavljanju istra\u017eivanja koja imaju ili bi mogla imati visoki odjek u \u0161iroj znanstvenoj i stru\u010dnoj zajednici te istra\u017eivanja &hellip; <a href=\"http:\/\/zde.hr\/en\/ekonomski-susreti-2\/\" class=\"more-link\">Continue reading <span class=\"screen-reader-text\">Economic Meetings<\/span><\/a><\/p>","protected":false},"author":1,"featured_media":0,"parent":0,"menu_order":0,"comment_status":"closed","ping_status":"closed","template":"","meta":[],"yoast_head":"<!-- This site is optimized with the Yoast SEO plugin v14.0.4 - https:\/\/yoast.com\/wordpress\/plugins\/seo\/ -->\n<title>Ekonomski susreti | Znanstveno dru\u0161tvo ekonomista<\/title>\n<meta name=\"robots\" content=\"index, follow\" \/>\n<meta name=\"googlebot\" content=\"index, follow, max-snippet:-1, max-image-preview:large, max-video-preview:-1\" \/>\n<meta name=\"bingbot\" content=\"index, follow, max-snippet:-1, max-image-preview:large, max-video-preview:-1\" \/>\n<link rel=\"canonical\" href=\"https:\/\/zde.hr\/en\/ekonomski-susreti-2\/\" \/>\n<meta property=\"og:locale\" content=\"en_US\" \/>\n<meta property=\"og:type\" content=\"article\" \/>\n<meta property=\"og:title\" content=\"Ekonomski susreti | Znanstveno dru\u0161tvo ekonomista\" \/>\n<meta property=\"og:description\" content=\"Ekonomski susreti znanstvena je konferencija u organizaciji Znanstvenog dru\u0161tva ekonomista. Na konferenciji se izla\u017eu visoko &#8211; kvalitetni rezultati istra\u017eivanja i radova iz podru\u010dja ekonomije. Sva izlaganja su pozvana na temelju preporuke Programskog odbora, a fokus je na predstavljanju istra\u017eivanja koja imaju ili bi mogla imati visoki odjek u \u0161iroj znanstvenoj i stru\u010dnoj zajednici te istra\u017eivanja &hellip; Continue reading Ekonomski susreti\" \/>\n<meta property=\"og:url\" content=\"https:\/\/zde.hr\/en\/ekonomski-susreti-2\/\" \/>\n<meta property=\"og:site_name\" content=\"Znanstveno dru\u0161tvo ekonomista\" \/>\n<meta property=\"article:modified_time\" content=\"2024-11-13T11:45:02+00:00\" \/>\n<meta name=\"twitter:card\" content=\"summary_large_image\" \/>\n<script type=\"application\/ld+json\" class=\"yoast-schema-graph\">{\"@context\":\"https:\/\/schema.org\",\"@graph\":[{\"@type\":\"Organization\",\"@id\":\"http:\/\/zde.hr\/en\/#organization\",\"name\":\"Znanstveno dru\\u0161tvo ekonomista\",\"url\":\"http:\/\/zde.hr\/en\/\",\"sameAs\":[\"https:\/\/hr.linkedin.com\/in\/znanstveno-dru\\u0161tvo-ekonomista-a76713114\"],\"logo\":{\"@type\":\"ImageObject\",\"@id\":\"http:\/\/zde.hr\/en\/#logo\",\"inLanguage\":\"en-US\",\"url\":\"http:\/\/zde.hr\/wp-content\/uploads\/2020\/04\/Logo.png\",\"width\":176,\"height\":157,\"caption\":\"Znanstveno dru\\u0161tvo ekonomista\"},\"image\":{\"@id\":\"http:\/\/zde.hr\/en\/#logo\"}},{\"@type\":\"WebSite\",\"@id\":\"http:\/\/zde.hr\/en\/#website\",\"url\":\"http:\/\/zde.hr\/en\/\",\"name\":\"Znanstveno dru\\u0161tvo ekonomista\",\"description\":\"Znanstveno dru\\u0161tvo ekonomista\",\"publisher\":{\"@id\":\"http:\/\/zde.hr\/en\/#organization\"},\"potentialAction\":[{\"@type\":\"SearchAction\",\"target\":\"http:\/\/zde.hr\/en\/?s={search_term_string}\",\"query-input\":\"required name=search_term_string\"}],\"inLanguage\":\"en-US\"},{\"@type\":\"WebPage\",\"@id\":\"https:\/\/zde.hr\/ekonomski-susreti-2\/#webpage\",\"url\":\"https:\/\/zde.hr\/ekonomski-susreti-2\/\",\"name\":\"Ekonomski susreti | Znanstveno dru\\u0161tvo ekonomista\",\"isPartOf\":{\"@id\":\"http:\/\/zde.hr\/en\/#website\"},\"datePublished\":\"2022-01-11T17:08:08+00:00\",\"dateModified\":\"2024-11-13T11:45:02+00:00\",\"inLanguage\":\"en-US\",\"potentialAction\":[{\"@type\":\"ReadAction\",\"target\":[\"https:\/\/zde.hr\/ekonomski-susreti-2\/\"]}]}]}<\/script>\n<!-- \/ Yoast SEO plugin. -->","_links":{"self":[{"href":"http:\/\/zde.hr\/en\/wp-json\/wp\/v2\/pages\/685"}],"collection":[{"href":"http:\/\/zde.hr\/en\/wp-json\/wp\/v2\/pages"}],"about":[{"href":"http:\/\/zde.hr\/en\/wp-json\/wp\/v2\/types\/page"}],"author":[{"embeddable":true,"href":"http:\/\/zde.hr\/en\/wp-json\/wp\/v2\/users\/1"}],"replies":[{"embeddable":true,"href":"http:\/\/zde.hr\/en\/wp-json\/wp\/v2\/comments?post=685"}],"version-history":[{"count":5,"href":"http:\/\/zde.hr\/en\/wp-json\/wp\/v2\/pages\/685\/revisions"}],"predecessor-version":[{"id":1050,"href":"http:\/\/zde.hr\/en\/wp-json\/wp\/v2\/pages\/685\/revisions\/1050"}],"wp:attachment":[{"href":"http:\/\/zde.hr\/en\/wp-json\/wp\/v2\/media?parent=685"}],"curies":[{"name":"wp","href":"https:\/\/api.w.org\/{rel}","templated":true}]}}