{"id":68,"date":"2020-04-26T12:02:53","date_gmt":"2020-04-26T10:02:53","guid":{"rendered":"http:\/\/zde.hr\/?page_id=68"},"modified":"2022-11-15T15:00:13","modified_gmt":"2022-11-15T14:00:13","slug":"o-nama-znanstveno-drustvo-ekonomista","status":"publish","type":"page","link":"http:\/\/zde.hr\/en\/o-nama-znanstveno-drustvo-ekonomista\/","title":{"rendered":"About Us"},"content":{"rendered":"<p style=\"font-size:11px\"><strong>The Scientific Society of Economists <\/strong>was founded in 2002 at the initiative of the late Prof. Dr. Branko Horvat (<a rel=\"noreferrer noopener\" href=\"http:\/\/zde.hr\/wp-content\/uploads\/2021\/03\/prof.-dr.-sc.-Branko-Horvat-2.pdf\" target=\"_blank\">see more<\/a>). The Society was established with the aim of bringing together economists and other experts interested in promoting, developing, and advancing economic science.<\/p>\n\n\n\n<div class=\"wp-block-group\"><div class=\"wp-block-group__inner-container\">\n<p style=\"font-size:11px\"><strong>The activities of the Society include:<\/strong><br>\u2013 developing and advancing economic science, <br>\u2013 assisting with and proposing solutions to Croatia's economic problems,<br>\u2013 cooperating with other similar societies in the country and abroad,<br>\u2013 organizing scientific forums and other public scientific events,<br>\u2013 organizing annual scientific conferences,<br>\u2013 serving as a platform for the exchange of scientific information. <br><br><\/p>\n<\/div><\/div>\n\n\n\n<div class=\"wp-block-group\"><div class=\"wp-block-group__inner-container\">\n<p class=\"has-small-font-size\"><\/p>\n<\/div><\/div>\n\n\n\n<p>&nbsp;<\/p>","protected":false},"excerpt":{"rendered":"<p>Znanstveno dru\u0161tvo ekonomista osnovano je 2002. godine na inicijativu pokojnog&nbsp;prof. dr. sc. Branka Horvata (vidjeti vi\u0161e).&nbsp;Dru\u0161tvo je osnovano u cilju okupljanja ekonomista te ostalih stru\u010dnjaka zainteresiranih za promicanje, razvitak i unapre\u0111ivanje ekonomske znanosti. &nbsp;<\/p>","protected":false},"author":1,"featured_media":0,"parent":0,"menu_order":4,"comment_status":"closed","ping_status":"closed","template":"","meta":[],"yoast_head":"<!-- This site is optimized with the Yoast SEO plugin v14.0.4 - https:\/\/yoast.com\/wordpress\/plugins\/seo\/ -->\n<title>O nama | Znanstveno dru\u0161tvo ekonomista<\/title>\n<meta name=\"description\" content=\"Znanstveno dru\u0161tvo ekonomista O nama | Znanstveno dru\u0161tvo ekonomista\" \/>\n<meta name=\"robots\" content=\"index, follow\" \/>\n<meta name=\"googlebot\" content=\"index, follow, max-snippet:-1, max-image-preview:large, max-video-preview:-1\" \/>\n<meta name=\"bingbot\" content=\"index, follow, max-snippet:-1, max-image-preview:large, max-video-preview:-1\" \/>\n<link rel=\"canonical\" href=\"http:\/\/zde.hr\/en\/o-nama-znanstveno-drustvo-ekonomista\/\" \/>\n<meta property=\"og:locale\" content=\"en_US\" \/>\n<meta property=\"og:type\" content=\"article\" \/>\n<meta property=\"og:title\" content=\"O nama | Znanstveno dru\u0161tvo ekonomista\" \/>\n<meta property=\"og:description\" content=\"Znanstveno dru\u0161tvo ekonomista O nama | Znanstveno dru\u0161tvo ekonomista\" \/>\n<meta property=\"og:url\" content=\"http:\/\/zde.hr\/en\/o-nama-znanstveno-drustvo-ekonomista\/\" \/>\n<meta property=\"og:site_name\" content=\"Znanstveno dru\u0161tvo ekonomista\" \/>\n<meta property=\"article:modified_time\" content=\"2022-11-15T14:00:13+00:00\" \/>\n<meta name=\"twitter:card\" content=\"summary_large_image\" \/>\n<script type=\"application\/ld+json\" class=\"yoast-schema-graph\">{\"@context\":\"https:\/\/schema.org\",\"@graph\":[{\"@type\":\"Organization\",\"@id\":\"http:\/\/zde.hr\/en\/#organization\",\"name\":\"Znanstveno dru\\u0161tvo ekonomista\",\"url\":\"http:\/\/zde.hr\/en\/\",\"sameAs\":[\"https:\/\/hr.linkedin.com\/in\/znanstveno-dru\\u0161tvo-ekonomista-a76713114\"],\"logo\":{\"@type\":\"ImageObject\",\"@id\":\"http:\/\/zde.hr\/en\/#logo\",\"inLanguage\":\"en-US\",\"url\":\"http:\/\/zde.hr\/wp-content\/uploads\/2020\/04\/Logo.png\",\"width\":176,\"height\":157,\"caption\":\"Znanstveno dru\\u0161tvo ekonomista\"},\"image\":{\"@id\":\"http:\/\/zde.hr\/en\/#logo\"}},{\"@type\":\"WebSite\",\"@id\":\"http:\/\/zde.hr\/en\/#website\",\"url\":\"http:\/\/zde.hr\/en\/\",\"name\":\"Znanstveno dru\\u0161tvo ekonomista\",\"description\":\"Znanstveno dru\\u0161tvo ekonomista\",\"publisher\":{\"@id\":\"http:\/\/zde.hr\/en\/#organization\"},\"potentialAction\":[{\"@type\":\"SearchAction\",\"target\":\"http:\/\/zde.hr\/en\/?s={search_term_string}\",\"query-input\":\"required name=search_term_string\"}],\"inLanguage\":\"en-US\"},{\"@type\":\"WebPage\",\"@id\":\"http:\/\/zde.hr\/o-nama-znanstveno-drustvo-ekonomista\/#webpage\",\"url\":\"http:\/\/zde.hr\/o-nama-znanstveno-drustvo-ekonomista\/\",\"name\":\"O nama | Znanstveno dru\\u0161tvo ekonomista\",\"isPartOf\":{\"@id\":\"http:\/\/zde.hr\/en\/#website\"},\"datePublished\":\"2020-04-26T10:02:53+00:00\",\"dateModified\":\"2022-11-15T14:00:13+00:00\",\"description\":\"Znanstveno dru\\u0161tvo ekonomista O nama | Znanstveno dru\\u0161tvo ekonomista\",\"inLanguage\":\"en-US\",\"potentialAction\":[{\"@type\":\"ReadAction\",\"target\":[\"http:\/\/zde.hr\/o-nama-znanstveno-drustvo-ekonomista\/\"]}]}]}<\/script>\n<!-- \/ Yoast SEO plugin. -->","_links":{"self":[{"href":"http:\/\/zde.hr\/en\/wp-json\/wp\/v2\/pages\/68"}],"collection":[{"href":"http:\/\/zde.hr\/en\/wp-json\/wp\/v2\/pages"}],"about":[{"href":"http:\/\/zde.hr\/en\/wp-json\/wp\/v2\/types\/page"}],"author":[{"embeddable":true,"href":"http:\/\/zde.hr\/en\/wp-json\/wp\/v2\/users\/1"}],"replies":[{"embeddable":true,"href":"http:\/\/zde.hr\/en\/wp-json\/wp\/v2\/comments?post=68"}],"version-history":[{"count":19,"href":"http:\/\/zde.hr\/en\/wp-json\/wp\/v2\/pages\/68\/revisions"}],"predecessor-version":[{"id":771,"href":"http:\/\/zde.hr\/en\/wp-json\/wp\/v2\/pages\/68\/revisions\/771"}],"wp:attachment":[{"href":"http:\/\/zde.hr\/en\/wp-json\/wp\/v2\/media?parent=68"}],"curies":[{"name":"wp","href":"https:\/\/api.w.org\/{rel}","templated":true}]}}